{"id":34,"date":"2024-07-07T18:39:00","date_gmt":"2024-07-07T18:39:00","guid":{"rendered":"https:\/\/skola.onixia.cz\/?page_id=34"},"modified":"2024-08-05T07:41:18","modified_gmt":"2024-08-05T07:41:18","slug":"o-nas","status":"publish","type":"page","link":"https:\/\/skola.onixia.cz\/?page_id=34","title":{"rendered":"O n\u00e1s"},"content":{"rendered":"\t\t<div data-elementor-type=\"wp-page\" data-elementor-id=\"34\" class=\"elementor elementor-34\" data-elementor-post-type=\"page\">\n\t\t\t\t<div class=\"elementor-element elementor-element-47a8853c e-con-full e-flex e-con e-parent\" data-id=\"47a8853c\" data-element_type=\"container\">\n\t\t<div class=\"elementor-element elementor-element-17565af1 e-con-full e-flex elementor-invisible e-con e-child\" data-id=\"17565af1\" data-element_type=\"container\" data-settings=\"{&quot;background_background&quot;:&quot;classic&quot;,&quot;animation&quot;:&quot;slideInLeft&quot;}\">\n\t\t\t\t<\/div>\n\t\t<div class=\"elementor-element elementor-element-8734fb e-con-full e-flex elementor-invisible e-con e-child\" data-id=\"8734fb\" data-element_type=\"container\" data-settings=\"{&quot;animation&quot;:&quot;slideInRight&quot;}\">\n\t\t\t\t<div class=\"elementor-element elementor-element-12836e92 elementor-widget elementor-widget-heading\" data-id=\"12836e92\" data-element_type=\"widget\" data-widget_type=\"heading.default\">\n\t\t\t\t<div class=\"elementor-widget-container\">\n\t\t\t<style>\/*! elementor - v3.22.0 - 26-06-2024 *\/\n.elementor-heading-title{padding:0;margin:0;line-height:1}.elementor-widget-heading .elementor-heading-title[class*=elementor-size-]>a{color:inherit;font-size:inherit;line-height:inherit}.elementor-widget-heading .elementor-heading-title.elementor-size-small{font-size:15px}.elementor-widget-heading .elementor-heading-title.elementor-size-medium{font-size:19px}.elementor-widget-heading .elementor-heading-title.elementor-size-large{font-size:29px}.elementor-widget-heading .elementor-heading-title.elementor-size-xl{font-size:39px}.elementor-widget-heading .elementor-heading-title.elementor-size-xxl{font-size:59px}<\/style><h6 class=\"elementor-heading-title elementor-size-default\">na\u0161e filozofie<\/h6>\t\t<\/div>\n\t\t\t\t<\/div>\n\t\t\t\t<div class=\"elementor-element elementor-element-3fd0410 elementor-widget elementor-widget-heading\" data-id=\"3fd0410\" data-element_type=\"widget\" data-widget_type=\"heading.default\">\n\t\t\t\t<div class=\"elementor-widget-container\">\n\t\t\t<h1 class=\"elementor-heading-title elementor-size-default\">O \u0161kole<\/h1>\t\t<\/div>\n\t\t\t\t<\/div>\n\t\t\t\t<div class=\"elementor-element elementor-element-662ba29b elementor-widget elementor-widget-text-editor\" data-id=\"662ba29b\" data-element_type=\"widget\" data-widget_type=\"text-editor.default\">\n\t\t\t\t<div class=\"elementor-widget-container\">\n\t\t\t<style>\/*! elementor - v3.22.0 - 26-06-2024 *\/\n.elementor-widget-text-editor.elementor-drop-cap-view-stacked .elementor-drop-cap{background-color:#69727d;color:#fff}.elementor-widget-text-editor.elementor-drop-cap-view-framed .elementor-drop-cap{color:#69727d;border:3px solid;background-color:transparent}.elementor-widget-text-editor:not(.elementor-drop-cap-view-default) .elementor-drop-cap{margin-top:8px}.elementor-widget-text-editor:not(.elementor-drop-cap-view-default) .elementor-drop-cap-letter{width:1em;height:1em}.elementor-widget-text-editor .elementor-drop-cap{float:left;text-align:center;line-height:1;font-size:50px}.elementor-widget-text-editor .elementor-drop-cap-letter{display:inline-block}<\/style>\t\t\t\tUse this section to describe your company and the services you offer. You could share your company\u2019s story and details about why you are in business. The goal is to create a connection with the visitor and give them confidence to work with you.\t\t\t\t\t\t<\/div>\n\t\t\t\t<\/div>\n\t\t\t\t<\/div>\n\t\t\t\t<\/div>\n\t\t<div class=\"elementor-element elementor-element-243b162b e-con-full e-flex e-con e-parent\" data-id=\"243b162b\" data-element_type=\"container\">\n\t\t<div class=\"elementor-element elementor-element-46fd6c19 e-con-full e-flex e-con e-child\" data-id=\"46fd6c19\" data-element_type=\"container\">\n\t\t\t\t<div class=\"elementor-element elementor-element-642346c5 elementor-invisible elementor-widget elementor-widget-heading\" data-id=\"642346c5\" data-element_type=\"widget\" data-settings=\"{&quot;_animation&quot;:&quot;slideInUp&quot;}\" data-widget_type=\"heading.default\">\n\t\t\t\t<div class=\"elementor-widget-container\">\n\t\t\t<h2 class=\"elementor-heading-title elementor-size-default\">P\u0159\u00edstup k v\u00fduce<\/h2>\t\t<\/div>\n\t\t\t\t<\/div>\n\t\t\t\t<div class=\"elementor-element elementor-element-14575f6a elementor-widget__width-initial elementor-widget-mobile__width-inherit elementor-invisible elementor-widget elementor-widget-text-editor\" data-id=\"14575f6a\" data-element_type=\"widget\" data-settings=\"{&quot;_animation&quot;:&quot;slideInLeft&quot;}\" data-widget_type=\"text-editor.default\">\n\t\t\t\t<div class=\"elementor-widget-container\">\n\t\t\t\t\t\t\t<p>A paragraph describing your company&#8217;s goals or mission statement. This section is meant to help visitors understand the purpose of your business.<span style=\"font-family: var( --e-global-typography-text-font-family ), Sans-serif; font-size: var( --e-global-typography-text-font-size ); font-style: var( --e-global-typography-text-font-style ); letter-spacing: var( --e-global-typography-text-letter-spacing ); text-transform: var( --e-global-typography-text-text-transform ); text-decoration: var( --e-global-typography-text-text-decoration ); text-align: var(--text-align);\">A paragraph describing your company&#8217;s goals or mission statement. This section is meant to help visitors understand the purpose of your business.<\/span><span style=\"font-family: var( --e-global-typography-text-font-family ), Sans-serif; font-size: var( --e-global-typography-text-font-size ); font-style: var( --e-global-typography-text-font-style ); letter-spacing: var( --e-global-typography-text-letter-spacing ); text-transform: var( --e-global-typography-text-text-transform ); text-decoration: var( --e-global-typography-text-text-decoration ); text-align: var(--text-align);\">A paragraph describing your company&#8217;s goals or mission statement. This section is meant to help visitors understand the purpose of your business.<\/span><span style=\"font-family: var( --e-global-typography-text-font-family ), Sans-serif; font-size: var( --e-global-typography-text-font-size ); font-style: var( --e-global-typography-text-font-style ); letter-spacing: var( --e-global-typography-text-letter-spacing ); text-transform: var( --e-global-typography-text-text-transform ); text-decoration: var( --e-global-typography-text-text-decoration ); text-align: var(--text-align);\">A paragraph describing your company&#8217;s goals or mission statement. This section is meant to help visitors understand the purpose of your business.<\/span><span style=\"font-family: var( --e-global-typography-text-font-family ), Sans-serif; font-size: var( --e-global-typography-text-font-size ); font-style: var( --e-global-typography-text-font-style ); letter-spacing: var( --e-global-typography-text-letter-spacing ); text-transform: var( --e-global-typography-text-text-transform ); text-decoration: var( --e-global-typography-text-text-decoration ); text-align: var(--text-align);\">A paragraph describing your company&#8217;s goals or mission statement. This section is meant to help visitors understand the purpose of your business.<\/span><span style=\"font-family: var( --e-global-typography-text-font-family ), Sans-serif; font-size: var( --e-global-typography-text-font-size ); font-style: var( --e-global-typography-text-font-style ); letter-spacing: var( --e-global-typography-text-letter-spacing ); text-transform: var( --e-global-typography-text-text-transform ); text-decoration: var( --e-global-typography-text-text-decoration ); text-align: var(--text-align);\">A paragraph describing your company&#8217;s goals or mission statement. This section is meant to help visitors understand the purpose of your business.<\/span><\/p><p><span style=\"font-family: var( --e-global-typography-text-font-family ), Sans-serif; font-size: var( --e-global-typography-text-font-size ); font-style: var( --e-global-typography-text-font-style ); letter-spacing: var( --e-global-typography-text-letter-spacing ); text-transform: var( --e-global-typography-text-text-transform ); text-decoration: var( --e-global-typography-text-text-decoration ); text-align: var(--text-align);\">\u00a0<\/span><\/p><p>A paragraph describing your company&#8217;s goals or mission statement. This section is meant to help visitors understand the purpose of your business.<span style=\"font-family: var( --e-global-typography-text-font-family ), Sans-serif; font-size: var( --e-global-typography-text-font-size ); font-style: var( --e-global-typography-text-font-style ); letter-spacing: var( --e-global-typography-text-letter-spacing ); text-transform: var( --e-global-typography-text-text-transform ); text-decoration: var( --e-global-typography-text-text-decoration ); text-align: var(--text-align);\">A paragraph describing your company&#8217;s goals or mission statement. This section is meant to help visitors understand the purpose of your business.<\/span><span style=\"font-family: var( --e-global-typography-text-font-family ), Sans-serif; font-size: var( --e-global-typography-text-font-size ); font-style: var( --e-global-typography-text-font-style ); letter-spacing: var( --e-global-typography-text-letter-spacing ); text-transform: var( --e-global-typography-text-text-transform ); text-decoration: var( --e-global-typography-text-text-decoration ); text-align: var(--text-align);\">A paragraph describing your company&#8217;s goals or mission statement. This section is meant to help visitors understand the purpose of your business.<\/span><span style=\"font-family: var( --e-global-typography-text-font-family ), Sans-serif; font-size: var( --e-global-typography-text-font-size ); font-style: var( --e-global-typography-text-font-style ); letter-spacing: var( --e-global-typography-text-letter-spacing ); text-transform: var( --e-global-typography-text-text-transform ); text-decoration: var( --e-global-typography-text-text-decoration ); text-align: var(--text-align);\">A paragraph describing your company&#8217;s goals or mission statement. This section is meant to help visitors understand the purpose of your business.<\/span><span style=\"font-family: var( --e-global-typography-text-font-family ), Sans-serif; font-size: var( --e-global-typography-text-font-size ); font-style: var( --e-global-typography-text-font-style ); letter-spacing: var( --e-global-typography-text-letter-spacing ); text-transform: var( --e-global-typography-text-text-transform ); text-decoration: var( --e-global-typography-text-text-decoration ); text-align: var(--text-align);\"><br \/><\/span><\/p>\t\t\t\t\t\t<\/div>\n\t\t\t\t<\/div>\n\t\t\t\t<\/div>\n\t\t<div class=\"elementor-element elementor-element-e1c9ce9 e-con-full e-flex e-con e-child\" data-id=\"e1c9ce9\" data-element_type=\"container\" data-settings=\"{&quot;background_background&quot;:&quot;classic&quot;}\">\n\t\t\t\t<div class=\"elementor-element elementor-element-1105a178 elementor-invisible elementor-widget elementor-widget-image\" data-id=\"1105a178\" data-element_type=\"widget\" data-settings=\"{&quot;_animation&quot;:&quot;slideInRight&quot;}\" data-widget_type=\"image.default\">\n\t\t\t\t<div class=\"elementor-widget-container\">\n\t\t\t<style>\/*! elementor - v3.22.0 - 26-06-2024 *\/\n.elementor-widget-image{text-align:center}.elementor-widget-image a{display:inline-block}.elementor-widget-image a img[src$=\".svg\"]{width:48px}.elementor-widget-image img{vertical-align:middle;display:inline-block}<\/style>\t\t\t\t\t\t\t\t\t\t<img fetchpriority=\"high\" decoding=\"async\" width=\"2048\" height=\"2048\" src=\"https:\/\/skola.onixia.cz\/wp-content\/uploads\/2024\/08\/Firefly-vytvor-knizni-ilustraci-v-odstinech-modre-cerne-a-sede-ktera-znazornuje-zviratka-v-lese.-I-3.jpg\" class=\"attachment-full size-full wp-image-211\" alt=\"\" srcset=\"https:\/\/skola.onixia.cz\/wp-content\/uploads\/2024\/08\/Firefly-vytvor-knizni-ilustraci-v-odstinech-modre-cerne-a-sede-ktera-znazornuje-zviratka-v-lese.-I-3.jpg 2048w, https:\/\/skola.onixia.cz\/wp-content\/uploads\/2024\/08\/Firefly-vytvor-knizni-ilustraci-v-odstinech-modre-cerne-a-sede-ktera-znazornuje-zviratka-v-lese.-I-3-300x300.jpg 300w, https:\/\/skola.onixia.cz\/wp-content\/uploads\/2024\/08\/Firefly-vytvor-knizni-ilustraci-v-odstinech-modre-cerne-a-sede-ktera-znazornuje-zviratka-v-lese.-I-3-1024x1024.jpg 1024w, https:\/\/skola.onixia.cz\/wp-content\/uploads\/2024\/08\/Firefly-vytvor-knizni-ilustraci-v-odstinech-modre-cerne-a-sede-ktera-znazornuje-zviratka-v-lese.-I-3-150x150.jpg 150w, https:\/\/skola.onixia.cz\/wp-content\/uploads\/2024\/08\/Firefly-vytvor-knizni-ilustraci-v-odstinech-modre-cerne-a-sede-ktera-znazornuje-zviratka-v-lese.-I-3-768x768.jpg 768w, https:\/\/skola.onixia.cz\/wp-content\/uploads\/2024\/08\/Firefly-vytvor-knizni-ilustraci-v-odstinech-modre-cerne-a-sede-ktera-znazornuje-zviratka-v-lese.-I-3-1536x1536.jpg 1536w\" sizes=\"(max-width: 2048px) 100vw, 2048px\" \/>\t\t\t\t\t\t\t\t\t\t\t\t\t<\/div>\n\t\t\t\t<\/div>\n\t\t\t\t<div class=\"elementor-element elementor-element-56eb71d6 elementor-invisible elementor-widget elementor-widget-image\" data-id=\"56eb71d6\" data-element_type=\"widget\" data-settings=\"{&quot;_animation&quot;:&quot;slideInRight&quot;}\" data-widget_type=\"image.default\">\n\t\t\t\t<div class=\"elementor-widget-container\">\n\t\t\t\t\t\t\t\t\t\t\t\t\t<img decoding=\"async\" width=\"2048\" height=\"2048\" src=\"https:\/\/skola.onixia.cz\/wp-content\/uploads\/2024\/08\/Firefly-vytvor-knizni-ilustraci-v-odstinech-modre-cerne-a-sede-ktera-znazornuje-zviratka-v-lese.-I.jpg\" class=\"attachment-full size-full wp-image-216\" alt=\"\" srcset=\"https:\/\/skola.onixia.cz\/wp-content\/uploads\/2024\/08\/Firefly-vytvor-knizni-ilustraci-v-odstinech-modre-cerne-a-sede-ktera-znazornuje-zviratka-v-lese.-I.jpg 2048w, https:\/\/skola.onixia.cz\/wp-content\/uploads\/2024\/08\/Firefly-vytvor-knizni-ilustraci-v-odstinech-modre-cerne-a-sede-ktera-znazornuje-zviratka-v-lese.-I-300x300.jpg 300w, https:\/\/skola.onixia.cz\/wp-content\/uploads\/2024\/08\/Firefly-vytvor-knizni-ilustraci-v-odstinech-modre-cerne-a-sede-ktera-znazornuje-zviratka-v-lese.-I-1024x1024.jpg 1024w, https:\/\/skola.onixia.cz\/wp-content\/uploads\/2024\/08\/Firefly-vytvor-knizni-ilustraci-v-odstinech-modre-cerne-a-sede-ktera-znazornuje-zviratka-v-lese.-I-150x150.jpg 150w, https:\/\/skola.onixia.cz\/wp-content\/uploads\/2024\/08\/Firefly-vytvor-knizni-ilustraci-v-odstinech-modre-cerne-a-sede-ktera-znazornuje-zviratka-v-lese.-I-768x768.jpg 768w, https:\/\/skola.onixia.cz\/wp-content\/uploads\/2024\/08\/Firefly-vytvor-knizni-ilustraci-v-odstinech-modre-cerne-a-sede-ktera-znazornuje-zviratka-v-lese.-I-1536x1536.jpg 1536w\" sizes=\"(max-width: 2048px) 100vw, 2048px\" \/>\t\t\t\t\t\t\t\t\t\t\t\t\t<\/div>\n\t\t\t\t<\/div>\n\t\t\t\t<\/div>\n\t\t\t\t<\/div>\n\t\t<div class=\"elementor-element elementor-element-47caaa2 e-con-full e-flex e-con e-parent\" data-id=\"47caaa2\" data-element_type=\"container\">\n\t\t<div class=\"elementor-element elementor-element-fab1a34 e-con-full e-flex e-con e-child\" data-id=\"fab1a34\" data-element_type=\"container\">\n\t\t\t\t<div class=\"elementor-element elementor-element-ce49a1b elementor-invisible elementor-widget elementor-widget-heading\" data-id=\"ce49a1b\" data-element_type=\"widget\" data-settings=\"{&quot;_animation&quot;:&quot;fadeIn&quot;}\" data-widget_type=\"heading.default\">\n\t\t\t\t<div class=\"elementor-widget-container\">\n\t\t\t<h2 class=\"elementor-heading-title elementor-size-default\">P\u0159\u00edstup k v\u00fduce<\/h2>\t\t<\/div>\n\t\t\t\t<\/div>\n\t\t\t\t<div class=\"elementor-element elementor-element-83be292 elementor-widget__width-initial elementor-widget-mobile__width-inherit elementor-invisible elementor-widget elementor-widget-text-editor\" data-id=\"83be292\" data-element_type=\"widget\" data-settings=\"{&quot;_animation&quot;:&quot;slideInUp&quot;}\" data-widget_type=\"text-editor.default\">\n\t\t\t\t<div class=\"elementor-widget-container\">\n\t\t\t\t\t\t\t<p>A paragraph describing your company&#8217;s goals or mission statement. This section is meant to help visitors understand the purpose of your business.<span style=\"font-family: var( --e-global-typography-text-font-family ), Sans-serif; font-size: var( --e-global-typography-text-font-size ); font-style: var( --e-global-typography-text-font-style ); letter-spacing: var( --e-global-typography-text-letter-spacing ); text-transform: var( --e-global-typography-text-text-transform ); text-decoration: var( --e-global-typography-text-text-decoration ); text-align: var(--text-align);\">A paragraph describing your company&#8217;s goals or mission statement. This section is meant to help visitors understand the purpose of your business.<\/span><span style=\"font-family: var( --e-global-typography-text-font-family ), Sans-serif; font-size: var( --e-global-typography-text-font-size ); font-style: var( --e-global-typography-text-font-style ); letter-spacing: var( --e-global-typography-text-letter-spacing ); text-transform: var( --e-global-typography-text-text-transform ); text-decoration: var( --e-global-typography-text-text-decoration ); text-align: var(--text-align);\">A paragraph describing your company&#8217;s goals or mission statement. This section is meant to help visitors understand the purpose of your business.<\/span><span style=\"font-family: var( --e-global-typography-text-font-family ), Sans-serif; font-size: var( --e-global-typography-text-font-size ); font-style: var( --e-global-typography-text-font-style ); letter-spacing: var( --e-global-typography-text-letter-spacing ); text-transform: var( --e-global-typography-text-text-transform ); text-decoration: var( --e-global-typography-text-text-decoration ); text-align: var(--text-align);\">A paragraph describing your company&#8217;s goals or mission statement. This section is meant to help visitors understand the purpose of your business.<\/span><span style=\"font-family: var( --e-global-typography-text-font-family ), Sans-serif; font-size: var( --e-global-typography-text-font-size ); font-style: var( --e-global-typography-text-font-style ); letter-spacing: var( --e-global-typography-text-letter-spacing ); text-transform: var( --e-global-typography-text-text-transform ); text-decoration: var( --e-global-typography-text-text-decoration ); text-align: var(--text-align);\">A paragraph describing your company&#8217;s goals or mission statement. This section is meant to help visitors understand the purpose of your business.<\/span><span style=\"font-family: var( --e-global-typography-text-font-family ), Sans-serif; font-size: var( --e-global-typography-text-font-size ); font-style: var( --e-global-typography-text-font-style ); letter-spacing: var( --e-global-typography-text-letter-spacing ); text-transform: var( --e-global-typography-text-text-transform ); text-decoration: var( --e-global-typography-text-text-decoration ); text-align: var(--text-align);\">A paragraph describing your company&#8217;s goals or mission statement. This section is meant to help visitors understand the purpose of your business.<\/span><\/p><p><span style=\"font-family: var( --e-global-typography-text-font-family ), Sans-serif; font-size: var( --e-global-typography-text-font-size ); font-style: var( --e-global-typography-text-font-style ); letter-spacing: var( --e-global-typography-text-letter-spacing ); text-transform: var( --e-global-typography-text-text-transform ); text-decoration: var( --e-global-typography-text-text-decoration ); text-align: var(--text-align);\">\u00a0<\/span><\/p><p>A paragraph describing your company&#8217;s goals or mission statement. This section is meant to help visitors understand the purpose of your business.<span style=\"font-family: var( --e-global-typography-text-font-family ), Sans-serif; font-size: var( --e-global-typography-text-font-size ); font-style: var( --e-global-typography-text-font-style ); letter-spacing: var( --e-global-typography-text-letter-spacing ); text-transform: var( --e-global-typography-text-text-transform ); text-decoration: var( --e-global-typography-text-text-decoration ); text-align: var(--text-align);\">A paragraph describing your company&#8217;s goals or mission statement. This section is meant to help visitors understand the purpose of your business.<\/span><span style=\"font-family: var( --e-global-typography-text-font-family ), Sans-serif; font-size: var( --e-global-typography-text-font-size ); font-style: var( --e-global-typography-text-font-style ); letter-spacing: var( --e-global-typography-text-letter-spacing ); text-transform: var( --e-global-typography-text-text-transform ); text-decoration: var( --e-global-typography-text-text-decoration ); text-align: var(--text-align);\">A paragraph describing your company&#8217;s goals or mission statement. This section is meant to help visitors understand the purpose of your business.<\/span><span style=\"font-family: var( --e-global-typography-text-font-family ), Sans-serif; font-size: var( --e-global-typography-text-font-size ); font-style: var( --e-global-typography-text-font-style ); letter-spacing: var( --e-global-typography-text-letter-spacing ); text-transform: var( --e-global-typography-text-text-transform ); text-decoration: var( --e-global-typography-text-text-decoration ); text-align: var(--text-align);\">A paragraph describing your company&#8217;s goals or mission statement. This section is meant to help visitors understand the purpose of your business.<\/span><span style=\"font-family: var( --e-global-typography-text-font-family ), Sans-serif; font-size: var( --e-global-typography-text-font-size ); font-style: var( --e-global-typography-text-font-style ); letter-spacing: var( --e-global-typography-text-letter-spacing ); text-transform: var( --e-global-typography-text-text-transform ); text-decoration: var( --e-global-typography-text-text-decoration ); text-align: var(--text-align);\"><br \/><\/span><\/p>\t\t\t\t\t\t<\/div>\n\t\t\t\t<\/div>\n\t\t\t\t<\/div>\n\t\t\t\t<\/div>\n\t\t\t\t<\/div>\n\t\t","protected":false},"excerpt":{"rendered":"<p>na\u0161e filozofie O \u0161kole Use this section to describe your company and the services you offer. You could share your company\u2019s story and details about why you are in business. The goal is to create a connection with the visitor and give them confidence to work with you. P\u0159\u00edstup k v\u00fduce A paragraph describing your [&hellip;]<\/p>\n","protected":false},"author":1,"featured_media":0,"parent":0,"menu_order":0,"comment_status":"closed","ping_status":"closed","template":"elementor_header_footer","meta":{"_acf_changed":false,"footnotes":""},"class_list":["post-34","page","type-page","status-publish","hentry"],"acf":[],"_links":{"self":[{"href":"https:\/\/skola.onixia.cz\/index.php?rest_route=\/wp\/v2\/pages\/34","targetHints":{"allow":["GET"]}}],"collection":[{"href":"https:\/\/skola.onixia.cz\/index.php?rest_route=\/wp\/v2\/pages"}],"about":[{"href":"https:\/\/skola.onixia.cz\/index.php?rest_route=\/wp\/v2\/types\/page"}],"author":[{"embeddable":true,"href":"https:\/\/skola.onixia.cz\/index.php?rest_route=\/wp\/v2\/users\/1"}],"replies":[{"embeddable":true,"href":"https:\/\/skola.onixia.cz\/index.php?rest_route=%2Fwp%2Fv2%2Fcomments&post=34"}],"version-history":[{"count":35,"href":"https:\/\/skola.onixia.cz\/index.php?rest_route=\/wp\/v2\/pages\/34\/revisions"}],"predecessor-version":[{"id":265,"href":"https:\/\/skola.onixia.cz\/index.php?rest_route=\/wp\/v2\/pages\/34\/revisions\/265"}],"wp:attachment":[{"href":"https:\/\/skola.onixia.cz\/index.php?rest_route=%2Fwp%2Fv2%2Fmedia&parent=34"}],"curies":[{"name":"wp","href":"https:\/\/api.w.org\/{rel}","templated":true}]}}